{"id":24,"date":"2020-09-27T21:58:17","date_gmt":"2020-09-27T21:58:17","guid":{"rendered":"https:\/\/newsroom.wordifysites.com\/?page_id=24"},"modified":"2023-11-07T18:51:30","modified_gmt":"2023-11-07T21:51:30","slug":"about-us","status":"publish","type":"page","link":"https:\/\/institutomerkabah-am.com.br\/index.php\/about-us\/","title":{"rendered":"Quem Somos"},"content":{"rendered":"\n<h3 class=\"wp-block-heading\">Apresenta\u00e7\u00e3o do Instituto Merkabah<\/h3>\n\n\n\n<p>Idealizado com o esp\u00edrito de excel\u00eancia, o Instituto Merkabah foi constru\u00eddo para atender \u00e9 administra\u00e7\u00e3o p\u00fablica e privada, com idoneidade e responsabilidade, assessorando no cumprimento de normas e legisla\u00e7\u00e3o ligadas a sele\u00e7\u00e3o de recursos humanos atrav\u00e9s de Concursos P\u00fablicos, Processos Seletivos, Vestibulares, Cursos etc.<br>Possu\u00edmos profissionais altamente qualificados e com vasta experi\u00eancia em planejar, administrar, organizar e executar todos os processos que englobam uma sele\u00e7\u00e3o p\u00fablica e\/ou privada.<\/p>\n\n\n\n<p><br>Nossa equipe atua na \u00e1rea de planejamento e execu\u00e7\u00e3o de Concursos e Processos Seletivos Simplificados. Tendo participado da execu\u00e7\u00e3o de Assessorias, Concursos P\u00fablicos e Processos Seletivos dos Munic\u00edpios de Novo Air\u00e3o, S\u00e3o Paulo de Oliven\u00e7a, Nhamund\u00e1, Uarini, Manacapuru, Itapiranga, Urucurituba, Altamira, Atalaia do Norte, Tabatinga.<\/p>\n\n\n\n<p><br>O&nbsp;<strong>Instituto Merkabah&nbsp;<\/strong>possibilita a contrata\u00e7\u00e3o dos servi\u00e7os por Dispensa de Licita\u00e7\u00e3o, pratica em seus servi\u00e7os pre\u00e7os compat\u00edveis com o mercado. Sempre trabalhando com muita responsabilidade e compromisso para melhor atender nossos clientes.<\/p>\n\n\n<div class=\"gb-container gb-container-fe0a699e\">\n<div class=\"gb-grid-wrapper gb-grid-wrapper-b7f284bf\">\n<div class=\"gb-grid-column gb-grid-column-cbdc500d\"><div class=\"gb-container gb-container-cbdc500d\">\n\n<figure class=\"wp-block-image size-large\"><img loading=\"lazy\" decoding=\"async\" width=\"1024\" height=\"683\" src=\"https:\/\/gpsites.co\/newsroom\/wp-content\/uploads\/sites\/126\/2020\/09\/background_home-1024x683.jpg\" alt=\"Home background image\" class=\"wp-image-257\" srcset=\"https:\/\/institutomerkabah-am.com.br\/wp-content\/uploads\/2020\/09\/background_home-1024x683.jpg 1024w, https:\/\/institutomerkabah-am.com.br\/wp-content\/uploads\/2020\/09\/background_home-300x200.jpg 300w, https:\/\/institutomerkabah-am.com.br\/wp-content\/uploads\/2020\/09\/background_home-768x512.jpg 768w, https:\/\/institutomerkabah-am.com.br\/wp-content\/uploads\/2020\/09\/background_home-1536x1024.jpg 1536w, https:\/\/institutomerkabah-am.com.br\/wp-content\/uploads\/2020\/09\/background_home.jpg 1920w\" sizes=\"auto, (max-width: 1024px) 100vw, 1024px\" \/><\/figure>\n\n<\/div><\/div>\n\n<div class=\"gb-grid-column gb-grid-column-a9d15aad\"><div class=\"gb-container gb-container-a9d15aad\">\n\n<figure class=\"wp-block-image size-large\"><img loading=\"lazy\" decoding=\"async\" width=\"1024\" height=\"683\" src=\"https:\/\/gpsites.co\/newsroom\/wp-content\/uploads\/sites\/126\/2020\/09\/laptop-1024x683.jpg\" alt=\"Laptop\" class=\"wp-image-267\" srcset=\"https:\/\/institutomerkabah-am.com.br\/wp-content\/uploads\/2020\/09\/laptop-1024x683.jpg 1024w, https:\/\/institutomerkabah-am.com.br\/wp-content\/uploads\/2020\/09\/laptop-300x200.jpg 300w, https:\/\/institutomerkabah-am.com.br\/wp-content\/uploads\/2020\/09\/laptop-768x512.jpg 768w, https:\/\/institutomerkabah-am.com.br\/wp-content\/uploads\/2020\/09\/laptop.jpg 1240w\" sizes=\"auto, (max-width: 1024px) 100vw, 1024px\" \/><\/figure>\n\n<\/div><\/div>\n<\/div>\n<\/div>\n\n<div class=\"gb-container gb-container-95d71f4e\">\n\n<h2 class=\"gb-headline gb-headline-178b129c gb-headline-text\">Meet our staff<\/h2>\n\n\n<div class=\"gb-grid-wrapper gb-grid-wrapper-d7a46c88\">\n<div class=\"gb-grid-column gb-grid-column-e6e63cdf\"><div class=\"gb-container gb-container-e6e63cdf\">\n<div class=\"wp-block-image is-style-rounded\">\n<figure class=\"aligncenter size-large\"><img loading=\"lazy\" decoding=\"async\" width=\"400\" height=\"400\" src=\"http:\/\/institutomerkabah-am.com.br\/wp-content\/uploads\/2020\/09\/Carlos-Handley.jpg\" alt=\"Carlos Handley\" class=\"wp-image-426\" srcset=\"https:\/\/institutomerkabah-am.com.br\/wp-content\/uploads\/2020\/09\/Carlos-Handley.jpg 400w, https:\/\/institutomerkabah-am.com.br\/wp-content\/uploads\/2020\/09\/Carlos-Handley-300x300.jpg 300w, https:\/\/institutomerkabah-am.com.br\/wp-content\/uploads\/2020\/09\/Carlos-Handley-150x150.jpg 150w\" sizes=\"auto, (max-width: 400px) 100vw, 400px\" \/><\/figure>\n<\/div>\n\n\n<h3 class=\"gb-headline gb-headline-a3fd7fce gb-headline-text\">Carlos Handley<\/h3>\n\n\n\n<p class=\"gb-headline gb-headline-6dd9d542 gb-headline-text\">CEO<\/p>\n\n\n<div class=\"gb-container gb-container-2a98a7c0\">\n\n<a class=\"gb-button gb-button-57d2d9cc\" href=\"#\" aria-label=\"Facebook\"><span class=\"gb-icon\"><svg xmlns=\"http:\/\/www.w3.org\/2000\/svg\" viewBox=\"0 0 320 512\" width=\"1em\" height=\"1em\" aria-hidden=\"true\"><path d=\"M279.14 288l14.22-92.66h-88.91v-60.13c0-25.35 12.42-50.06 52.24-50.06h40.42V6.26S260.43 0 225.36 0c-73.22 0-121.08 44.38-121.08 124.72v70.62H22.89V288h81.39v224h100.17V288z\" fill=\"currentColor\"><\/path><\/svg><\/span><\/a>\n\n\n\n<a class=\"gb-button gb-button-a6506e13\" href=\"#\" aria-label=\"Twitter\"><span class=\"gb-icon\"><svg xmlns=\"http:\/\/www.w3.org\/2000\/svg\" viewBox=\"0 0 512 512\" width=\"1em\" height=\"1em\" aria-hidden=\"true\"><path d=\"M459.37 151.716c.325 4.548.325 9.097.325 13.645 0 138.72-105.583 298.558-298.558 298.558-59.452 0-114.68-17.219-161.137-47.106 8.447.974 16.568 1.299 25.34 1.299 49.055 0 94.213-16.568 130.274-44.832-46.132-.975-84.792-31.188-98.112-72.772 6.498.974 12.995 1.624 19.818 1.624 9.421 0 18.843-1.3 27.614-3.573-48.081-9.747-84.143-51.98-84.143-102.985v-1.299c13.969 7.797 30.214 12.67 47.431 13.319-28.264-18.843-46.781-51.005-46.781-87.391 0-19.492 5.197-37.36 14.294-52.954 51.655 63.675 129.3 105.258 216.365 109.807-1.624-7.797-2.599-15.918-2.599-24.04 0-57.828 46.782-104.934 104.934-104.934 30.213 0 57.502 12.67 76.67 33.137 23.715-4.548 46.456-13.32 66.599-25.34-7.798 24.366-24.366 44.833-46.132 57.827 21.117-2.273 41.584-8.122 60.426-16.243-14.292 20.791-32.161 39.308-52.628 54.253z\" fill=\"currentColor\"><\/path><\/svg><\/span><\/a>\n\n<\/div>\n<\/div><\/div>\n\n<div class=\"gb-grid-column gb-grid-column-12999aa4\"><div class=\"gb-container gb-container-12999aa4\">\n<div class=\"wp-block-image is-style-rounded\">\n<figure class=\"aligncenter size-large\"><img loading=\"lazy\" decoding=\"async\" width=\"400\" height=\"400\" src=\"http:\/\/institutomerkabah-am.com.br\/wp-content\/uploads\/2020\/09\/Johanna-Cleveland-1.jpg\" alt=\"Johanna Cleveland\" class=\"wp-image-429\" srcset=\"https:\/\/institutomerkabah-am.com.br\/wp-content\/uploads\/2020\/09\/Johanna-Cleveland-1.jpg 400w, https:\/\/institutomerkabah-am.com.br\/wp-content\/uploads\/2020\/09\/Johanna-Cleveland-1-300x300.jpg 300w, https:\/\/institutomerkabah-am.com.br\/wp-content\/uploads\/2020\/09\/Johanna-Cleveland-1-150x150.jpg 150w\" sizes=\"auto, (max-width: 400px) 100vw, 400px\" \/><\/figure>\n<\/div>\n\n\n<h3 class=\"gb-headline gb-headline-2ff761a1 gb-headline-text\">Johanna Cleveland<\/h3>\n\n\n\n<p class=\"gb-headline gb-headline-a398780c gb-headline-text\">Chief Editor<\/p>\n\n\n<div class=\"gb-container gb-container-d5eb5126\">\n\n<a class=\"gb-button gb-button-b7abc637\" href=\"#\" aria-label=\"Facebook\"><span class=\"gb-icon\"><svg xmlns=\"http:\/\/www.w3.org\/2000\/svg\" viewBox=\"0 0 320 512\" width=\"1em\" height=\"1em\" aria-hidden=\"true\"><path d=\"M279.14 288l14.22-92.66h-88.91v-60.13c0-25.35 12.42-50.06 52.24-50.06h40.42V6.26S260.43 0 225.36 0c-73.22 0-121.08 44.38-121.08 124.72v70.62H22.89V288h81.39v224h100.17V288z\" fill=\"currentColor\"><\/path><\/svg><\/span><\/a>\n\n\n\n<a class=\"gb-button gb-button-cc8617c2\" href=\"#\" aria-label=\"Twitter\"><span class=\"gb-icon\"><svg xmlns=\"http:\/\/www.w3.org\/2000\/svg\" viewBox=\"0 0 512 512\" width=\"1em\" height=\"1em\" aria-hidden=\"true\"><path d=\"M459.37 151.716c.325 4.548.325 9.097.325 13.645 0 138.72-105.583 298.558-298.558 298.558-59.452 0-114.68-17.219-161.137-47.106 8.447.974 16.568 1.299 25.34 1.299 49.055 0 94.213-16.568 130.274-44.832-46.132-.975-84.792-31.188-98.112-72.772 6.498.974 12.995 1.624 19.818 1.624 9.421 0 18.843-1.3 27.614-3.573-48.081-9.747-84.143-51.98-84.143-102.985v-1.299c13.969 7.797 30.214 12.67 47.431 13.319-28.264-18.843-46.781-51.005-46.781-87.391 0-19.492 5.197-37.36 14.294-52.954 51.655 63.675 129.3 105.258 216.365 109.807-1.624-7.797-2.599-15.918-2.599-24.04 0-57.828 46.782-104.934 104.934-104.934 30.213 0 57.502 12.67 76.67 33.137 23.715-4.548 46.456-13.32 66.599-25.34-7.798 24.366-24.366 44.833-46.132 57.827 21.117-2.273 41.584-8.122 60.426-16.243-14.292 20.791-32.161 39.308-52.628 54.253z\" fill=\"currentColor\"><\/path><\/svg><\/span><\/a>\n\n<\/div>\n<\/div><\/div>\n\n<div class=\"gb-grid-column gb-grid-column-914cff5e\"><div class=\"gb-container gb-container-914cff5e\">\n<div class=\"wp-block-image is-style-rounded\">\n<figure class=\"aligncenter size-large\"><img loading=\"lazy\" decoding=\"async\" width=\"400\" height=\"400\" src=\"http:\/\/institutomerkabah-am.com.br\/wp-content\/uploads\/2020\/09\/Mylo-Ray.jpg\" alt=\"Mylo Ray\" class=\"wp-image-427\" srcset=\"https:\/\/institutomerkabah-am.com.br\/wp-content\/uploads\/2020\/09\/Mylo-Ray.jpg 400w, https:\/\/institutomerkabah-am.com.br\/wp-content\/uploads\/2020\/09\/Mylo-Ray-300x300.jpg 300w, https:\/\/institutomerkabah-am.com.br\/wp-content\/uploads\/2020\/09\/Mylo-Ray-150x150.jpg 150w\" sizes=\"auto, (max-width: 400px) 100vw, 400px\" \/><\/figure>\n<\/div>\n\n\n<h3 class=\"gb-headline gb-headline-b9341c10 gb-headline-text\">Mylo Ray<\/h3>\n\n\n\n<p class=\"gb-headline gb-headline-e2668a50 gb-headline-text\">Public Relations Specialist<\/p>\n\n\n<div class=\"gb-container gb-container-2cfc00db\">\n\n<a class=\"gb-button gb-button-2faedad6\" href=\"#\" aria-label=\"Facebook\"><span class=\"gb-icon\"><svg xmlns=\"http:\/\/www.w3.org\/2000\/svg\" viewBox=\"0 0 320 512\" width=\"1em\" height=\"1em\" aria-hidden=\"true\"><path d=\"M279.14 288l14.22-92.66h-88.91v-60.13c0-25.35 12.42-50.06 52.24-50.06h40.42V6.26S260.43 0 225.36 0c-73.22 0-121.08 44.38-121.08 124.72v70.62H22.89V288h81.39v224h100.17V288z\" fill=\"currentColor\"><\/path><\/svg><\/span><\/a>\n\n\n\n<a class=\"gb-button gb-button-5bd2508e\" href=\"#\" aria-label=\"Twitter\"><span class=\"gb-icon\"><svg xmlns=\"http:\/\/www.w3.org\/2000\/svg\" viewBox=\"0 0 512 512\" width=\"1em\" height=\"1em\" aria-hidden=\"true\"><path d=\"M459.37 151.716c.325 4.548.325 9.097.325 13.645 0 138.72-105.583 298.558-298.558 298.558-59.452 0-114.68-17.219-161.137-47.106 8.447.974 16.568 1.299 25.34 1.299 49.055 0 94.213-16.568 130.274-44.832-46.132-.975-84.792-31.188-98.112-72.772 6.498.974 12.995 1.624 19.818 1.624 9.421 0 18.843-1.3 27.614-3.573-48.081-9.747-84.143-51.98-84.143-102.985v-1.299c13.969 7.797 30.214 12.67 47.431 13.319-28.264-18.843-46.781-51.005-46.781-87.391 0-19.492 5.197-37.36 14.294-52.954 51.655 63.675 129.3 105.258 216.365 109.807-1.624-7.797-2.599-15.918-2.599-24.04 0-57.828 46.782-104.934 104.934-104.934 30.213 0 57.502 12.67 76.67 33.137 23.715-4.548 46.456-13.32 66.599-25.34-7.798 24.366-24.366 44.833-46.132 57.827 21.117-2.273 41.584-8.122 60.426-16.243-14.292 20.791-32.161 39.308-52.628 54.253z\" fill=\"currentColor\"><\/path><\/svg><\/span><\/a>\n\n<\/div>\n<\/div><\/div>\n\n<div class=\"gb-grid-column gb-grid-column-9c95333e\"><div class=\"gb-container gb-container-9c95333e\">\n<div class=\"wp-block-image is-style-rounded\">\n<figure class=\"aligncenter size-large\"><img loading=\"lazy\" decoding=\"async\" width=\"400\" height=\"400\" src=\"http:\/\/institutomerkabah-am.com.br\/wp-content\/uploads\/2020\/09\/Daisie-Phelps.jpg\" alt=\"Daisie Phelps\" class=\"wp-image-432\" srcset=\"https:\/\/institutomerkabah-am.com.br\/wp-content\/uploads\/2020\/09\/Daisie-Phelps.jpg 400w, https:\/\/institutomerkabah-am.com.br\/wp-content\/uploads\/2020\/09\/Daisie-Phelps-300x300.jpg 300w, https:\/\/institutomerkabah-am.com.br\/wp-content\/uploads\/2020\/09\/Daisie-Phelps-150x150.jpg 150w\" sizes=\"auto, (max-width: 400px) 100vw, 400px\" \/><\/figure>\n<\/div>\n\n\n<h3 class=\"gb-headline gb-headline-737d5022 gb-headline-text\">Daisie Phelps<\/h3>\n\n\n\n<p class=\"gb-headline gb-headline-b4a52fdc gb-headline-text\">Content Strategist<\/p>\n\n\n<div class=\"gb-container gb-container-1731f63d\">\n\n<a class=\"gb-button gb-button-abc5bf5c\" href=\"#\" aria-label=\"Facebook\"><span class=\"gb-icon\"><svg xmlns=\"http:\/\/www.w3.org\/2000\/svg\" viewBox=\"0 0 320 512\" width=\"1em\" height=\"1em\" aria-hidden=\"true\"><path d=\"M279.14 288l14.22-92.66h-88.91v-60.13c0-25.35 12.42-50.06 52.24-50.06h40.42V6.26S260.43 0 225.36 0c-73.22 0-121.08 44.38-121.08 124.72v70.62H22.89V288h81.39v224h100.17V288z\" fill=\"currentColor\"><\/path><\/svg><\/span><\/a>\n\n\n\n<a class=\"gb-button gb-button-abda584a\" href=\"#\" aria-label=\"Twitter\"><span class=\"gb-icon\"><svg xmlns=\"http:\/\/www.w3.org\/2000\/svg\" viewBox=\"0 0 512 512\" width=\"1em\" height=\"1em\" aria-hidden=\"true\"><path d=\"M459.37 151.716c.325 4.548.325 9.097.325 13.645 0 138.72-105.583 298.558-298.558 298.558-59.452 0-114.68-17.219-161.137-47.106 8.447.974 16.568 1.299 25.34 1.299 49.055 0 94.213-16.568 130.274-44.832-46.132-.975-84.792-31.188-98.112-72.772 6.498.974 12.995 1.624 19.818 1.624 9.421 0 18.843-1.3 27.614-3.573-48.081-9.747-84.143-51.98-84.143-102.985v-1.299c13.969 7.797 30.214 12.67 47.431 13.319-28.264-18.843-46.781-51.005-46.781-87.391 0-19.492 5.197-37.36 14.294-52.954 51.655 63.675 129.3 105.258 216.365 109.807-1.624-7.797-2.599-15.918-2.599-24.04 0-57.828 46.782-104.934 104.934-104.934 30.213 0 57.502 12.67 76.67 33.137 23.715-4.548 46.456-13.32 66.599-25.34-7.798 24.366-24.366 44.833-46.132 57.827 21.117-2.273 41.584-8.122 60.426-16.243-14.292 20.791-32.161 39.308-52.628 54.253z\" fill=\"currentColor\"><\/path><\/svg><\/span><\/a>\n\n<\/div>\n<\/div><\/div>\n\n<div class=\"gb-grid-column gb-grid-column-906d69d1\"><div class=\"gb-container gb-container-906d69d1\">\n<div class=\"wp-block-image is-style-rounded\">\n<figure class=\"aligncenter size-large\"><img loading=\"lazy\" decoding=\"async\" width=\"400\" height=\"400\" src=\"http:\/\/institutomerkabah-am.com.br\/wp-content\/uploads\/2020\/09\/Jessie-Villanueva.jpg\" alt=\"Jessie Villanueva\" class=\"wp-image-434\" srcset=\"https:\/\/institutomerkabah-am.com.br\/wp-content\/uploads\/2020\/09\/Jessie-Villanueva.jpg 400w, https:\/\/institutomerkabah-am.com.br\/wp-content\/uploads\/2020\/09\/Jessie-Villanueva-300x300.jpg 300w, https:\/\/institutomerkabah-am.com.br\/wp-content\/uploads\/2020\/09\/Jessie-Villanueva-150x150.jpg 150w\" sizes=\"auto, (max-width: 400px) 100vw, 400px\" \/><\/figure>\n<\/div>\n\n\n<h3 class=\"gb-headline gb-headline-a8410f0a gb-headline-text\">Jessie Villanueva<\/h3>\n\n\n\n<p class=\"gb-headline gb-headline-e4614caf gb-headline-text\">Technical Writer<\/p>\n\n\n<div class=\"gb-container gb-container-f2d6de30\">\n\n<a class=\"gb-button gb-button-b27031f7\" href=\"#\" aria-label=\"Facebook\"><span class=\"gb-icon\"><svg xmlns=\"http:\/\/www.w3.org\/2000\/svg\" viewBox=\"0 0 320 512\" width=\"1em\" height=\"1em\" aria-hidden=\"true\"><path d=\"M279.14 288l14.22-92.66h-88.91v-60.13c0-25.35 12.42-50.06 52.24-50.06h40.42V6.26S260.43 0 225.36 0c-73.22 0-121.08 44.38-121.08 124.72v70.62H22.89V288h81.39v224h100.17V288z\" fill=\"currentColor\"><\/path><\/svg><\/span><\/a>\n\n\n\n<a class=\"gb-button gb-button-ddee90b4\" href=\"#\" aria-label=\"Twitter\"><span class=\"gb-icon\"><svg xmlns=\"http:\/\/www.w3.org\/2000\/svg\" viewBox=\"0 0 512 512\" width=\"1em\" height=\"1em\" aria-hidden=\"true\"><path d=\"M459.37 151.716c.325 4.548.325 9.097.325 13.645 0 138.72-105.583 298.558-298.558 298.558-59.452 0-114.68-17.219-161.137-47.106 8.447.974 16.568 1.299 25.34 1.299 49.055 0 94.213-16.568 130.274-44.832-46.132-.975-84.792-31.188-98.112-72.772 6.498.974 12.995 1.624 19.818 1.624 9.421 0 18.843-1.3 27.614-3.573-48.081-9.747-84.143-51.98-84.143-102.985v-1.299c13.969 7.797 30.214 12.67 47.431 13.319-28.264-18.843-46.781-51.005-46.781-87.391 0-19.492 5.197-37.36 14.294-52.954 51.655 63.675 129.3 105.258 216.365 109.807-1.624-7.797-2.599-15.918-2.599-24.04 0-57.828 46.782-104.934 104.934-104.934 30.213 0 57.502 12.67 76.67 33.137 23.715-4.548 46.456-13.32 66.599-25.34-7.798 24.366-24.366 44.833-46.132 57.827 21.117-2.273 41.584-8.122 60.426-16.243-14.292 20.791-32.161 39.308-52.628 54.253z\" fill=\"currentColor\"><\/path><\/svg><\/span><\/a>\n\n<\/div>\n<\/div><\/div>\n\n<div class=\"gb-grid-column gb-grid-column-9e1b846e\"><div class=\"gb-container gb-container-9e1b846e\">\n<div class=\"wp-block-image is-style-rounded\">\n<figure class=\"aligncenter size-large\"><img loading=\"lazy\" decoding=\"async\" width=\"400\" height=\"400\" src=\"http:\/\/institutomerkabah-am.com.br\/wp-content\/uploads\/2020\/09\/Jeffrey-Walmsley.jpg\" alt=\"Jeffrey Walmsley\" class=\"wp-image-436\" srcset=\"https:\/\/institutomerkabah-am.com.br\/wp-content\/uploads\/2020\/09\/Jeffrey-Walmsley.jpg 400w, https:\/\/institutomerkabah-am.com.br\/wp-content\/uploads\/2020\/09\/Jeffrey-Walmsley-300x300.jpg 300w, https:\/\/institutomerkabah-am.com.br\/wp-content\/uploads\/2020\/09\/Jeffrey-Walmsley-150x150.jpg 150w\" sizes=\"auto, (max-width: 400px) 100vw, 400px\" \/><\/figure>\n<\/div>\n\n\n<h3 class=\"gb-headline gb-headline-bd9b4628 gb-headline-text\">Jeffrey Walmsley<\/h3>\n\n\n\n<p class=\"gb-headline gb-headline-e858b4bc gb-headline-text\">Video Producer<\/p>\n\n\n<div class=\"gb-container gb-container-79718621\">\n\n<a class=\"gb-button gb-button-6f7c4284\" href=\"#\" aria-label=\"Facebook\"><span class=\"gb-icon\"><svg xmlns=\"http:\/\/www.w3.org\/2000\/svg\" viewBox=\"0 0 320 512\" width=\"1em\" height=\"1em\" aria-hidden=\"true\"><path d=\"M279.14 288l14.22-92.66h-88.91v-60.13c0-25.35 12.42-50.06 52.24-50.06h40.42V6.26S260.43 0 225.36 0c-73.22 0-121.08 44.38-121.08 124.72v70.62H22.89V288h81.39v224h100.17V288z\" fill=\"currentColor\"><\/path><\/svg><\/span><\/a>\n\n\n\n<a class=\"gb-button gb-button-ac85edd4\" href=\"#\" aria-label=\"Twitter\"><span class=\"gb-icon\"><svg xmlns=\"http:\/\/www.w3.org\/2000\/svg\" viewBox=\"0 0 512 512\" width=\"1em\" height=\"1em\" aria-hidden=\"true\"><path d=\"M459.37 151.716c.325 4.548.325 9.097.325 13.645 0 138.72-105.583 298.558-298.558 298.558-59.452 0-114.68-17.219-161.137-47.106 8.447.974 16.568 1.299 25.34 1.299 49.055 0 94.213-16.568 130.274-44.832-46.132-.975-84.792-31.188-98.112-72.772 6.498.974 12.995 1.624 19.818 1.624 9.421 0 18.843-1.3 27.614-3.573-48.081-9.747-84.143-51.98-84.143-102.985v-1.299c13.969 7.797 30.214 12.67 47.431 13.319-28.264-18.843-46.781-51.005-46.781-87.391 0-19.492 5.197-37.36 14.294-52.954 51.655 63.675 129.3 105.258 216.365 109.807-1.624-7.797-2.599-15.918-2.599-24.04 0-57.828 46.782-104.934 104.934-104.934 30.213 0 57.502 12.67 76.67 33.137 23.715-4.548 46.456-13.32 66.599-25.34-7.798 24.366-24.366 44.833-46.132 57.827 21.117-2.273 41.584-8.122 60.426-16.243-14.292 20.791-32.161 39.308-52.628 54.253z\" fill=\"currentColor\"><\/path><\/svg><\/span><\/a>\n\n<\/div>\n<\/div><\/div>\n\n<div class=\"gb-grid-column gb-grid-column-e13f50bd\"><div class=\"gb-container gb-container-e13f50bd\">\n<div class=\"wp-block-image is-style-rounded\">\n<figure class=\"aligncenter size-large\"><img loading=\"lazy\" decoding=\"async\" width=\"400\" height=\"400\" src=\"http:\/\/institutomerkabah-am.com.br\/wp-content\/uploads\/2020\/09\/William-Stevenson.jpg\" alt=\"William Stevenson\" class=\"wp-image-438\" srcset=\"https:\/\/institutomerkabah-am.com.br\/wp-content\/uploads\/2020\/09\/William-Stevenson.jpg 400w, https:\/\/institutomerkabah-am.com.br\/wp-content\/uploads\/2020\/09\/William-Stevenson-300x300.jpg 300w, https:\/\/institutomerkabah-am.com.br\/wp-content\/uploads\/2020\/09\/William-Stevenson-150x150.jpg 150w\" sizes=\"auto, (max-width: 400px) 100vw, 400px\" \/><\/figure>\n<\/div>\n\n\n<h3 class=\"gb-headline gb-headline-38fd1ce1 gb-headline-text\">William Stevenson<\/h3>\n\n\n\n<p class=\"gb-headline gb-headline-a37fd3b6 gb-headline-text\">Sound Engineer<\/p>\n\n\n<div class=\"gb-container gb-container-e1dd038d\">\n\n<a class=\"gb-button gb-button-787836da\" href=\"#\" aria-label=\"Facebook\"><span class=\"gb-icon\"><svg xmlns=\"http:\/\/www.w3.org\/2000\/svg\" viewBox=\"0 0 320 512\" width=\"1em\" height=\"1em\" aria-hidden=\"true\"><path d=\"M279.14 288l14.22-92.66h-88.91v-60.13c0-25.35 12.42-50.06 52.24-50.06h40.42V6.26S260.43 0 225.36 0c-73.22 0-121.08 44.38-121.08 124.72v70.62H22.89V288h81.39v224h100.17V288z\" fill=\"currentColor\"><\/path><\/svg><\/span><\/a>\n\n\n\n<a class=\"gb-button gb-button-33ca31b3\" href=\"#\" aria-label=\"Twitter\"><span class=\"gb-icon\"><svg xmlns=\"http:\/\/www.w3.org\/2000\/svg\" viewBox=\"0 0 512 512\" width=\"1em\" height=\"1em\" aria-hidden=\"true\"><path d=\"M459.37 151.716c.325 4.548.325 9.097.325 13.645 0 138.72-105.583 298.558-298.558 298.558-59.452 0-114.68-17.219-161.137-47.106 8.447.974 16.568 1.299 25.34 1.299 49.055 0 94.213-16.568 130.274-44.832-46.132-.975-84.792-31.188-98.112-72.772 6.498.974 12.995 1.624 19.818 1.624 9.421 0 18.843-1.3 27.614-3.573-48.081-9.747-84.143-51.98-84.143-102.985v-1.299c13.969 7.797 30.214 12.67 47.431 13.319-28.264-18.843-46.781-51.005-46.781-87.391 0-19.492 5.197-37.36 14.294-52.954 51.655 63.675 129.3 105.258 216.365 109.807-1.624-7.797-2.599-15.918-2.599-24.04 0-57.828 46.782-104.934 104.934-104.934 30.213 0 57.502 12.67 76.67 33.137 23.715-4.548 46.456-13.32 66.599-25.34-7.798 24.366-24.366 44.833-46.132 57.827 21.117-2.273 41.584-8.122 60.426-16.243-14.292 20.791-32.161 39.308-52.628 54.253z\" fill=\"currentColor\"><\/path><\/svg><\/span><\/a>\n\n<\/div>\n<\/div><\/div>\n\n<div class=\"gb-grid-column gb-grid-column-b21d68f5\"><div class=\"gb-container gb-container-b21d68f5\">\n<div class=\"wp-block-image is-style-rounded\">\n<figure class=\"aligncenter size-large\"><img loading=\"lazy\" decoding=\"async\" width=\"400\" height=\"400\" src=\"http:\/\/institutomerkabah-am.com.br\/wp-content\/uploads\/2020\/09\/Stacy-Connor.jpg\" alt=\"Stacy Connor\" class=\"wp-image-439\" srcset=\"https:\/\/institutomerkabah-am.com.br\/wp-content\/uploads\/2020\/09\/Stacy-Connor.jpg 400w, https:\/\/institutomerkabah-am.com.br\/wp-content\/uploads\/2020\/09\/Stacy-Connor-300x300.jpg 300w, https:\/\/institutomerkabah-am.com.br\/wp-content\/uploads\/2020\/09\/Stacy-Connor-150x150.jpg 150w\" sizes=\"auto, (max-width: 400px) 100vw, 400px\" \/><\/figure>\n<\/div>\n\n\n<h3 class=\"gb-headline gb-headline-6ca477fb gb-headline-text\">Stacy Connor<\/h3>\n\n\n\n<p class=\"gb-headline gb-headline-e600ff93 gb-headline-text\">Blogger<\/p>\n\n\n<div class=\"gb-container gb-container-ed78bdbd\">\n\n<a class=\"gb-button gb-button-805d7c7b\" href=\"#\" aria-label=\"Facebook\"><span class=\"gb-icon\"><svg xmlns=\"http:\/\/www.w3.org\/2000\/svg\" viewBox=\"0 0 320 512\" width=\"1em\" height=\"1em\" aria-hidden=\"true\"><path d=\"M279.14 288l14.22-92.66h-88.91v-60.13c0-25.35 12.42-50.06 52.24-50.06h40.42V6.26S260.43 0 225.36 0c-73.22 0-121.08 44.38-121.08 124.72v70.62H22.89V288h81.39v224h100.17V288z\" fill=\"currentColor\"><\/path><\/svg><\/span><\/a>\n\n\n\n<a class=\"gb-button gb-button-e7ef8ad6\" href=\"#\" aria-label=\"Twitter\"><span class=\"gb-icon\"><svg xmlns=\"http:\/\/www.w3.org\/2000\/svg\" viewBox=\"0 0 512 512\" width=\"1em\" height=\"1em\" aria-hidden=\"true\"><path d=\"M459.37 151.716c.325 4.548.325 9.097.325 13.645 0 138.72-105.583 298.558-298.558 298.558-59.452 0-114.68-17.219-161.137-47.106 8.447.974 16.568 1.299 25.34 1.299 49.055 0 94.213-16.568 130.274-44.832-46.132-.975-84.792-31.188-98.112-72.772 6.498.974 12.995 1.624 19.818 1.624 9.421 0 18.843-1.3 27.614-3.573-48.081-9.747-84.143-51.98-84.143-102.985v-1.299c13.969 7.797 30.214 12.67 47.431 13.319-28.264-18.843-46.781-51.005-46.781-87.391 0-19.492 5.197-37.36 14.294-52.954 51.655 63.675 129.3 105.258 216.365 109.807-1.624-7.797-2.599-15.918-2.599-24.04 0-57.828 46.782-104.934 104.934-104.934 30.213 0 57.502 12.67 76.67 33.137 23.715-4.548 46.456-13.32 66.599-25.34-7.798 24.366-24.366 44.833-46.132 57.827 21.117-2.273 41.584-8.122 60.426-16.243-14.292 20.791-32.161 39.308-52.628 54.253z\" fill=\"currentColor\"><\/path><\/svg><\/span><\/a>\n\n<\/div>\n<\/div><\/div>\n<\/div>\n<\/div>","protected":false},"excerpt":{"rendered":"<p>Apresenta\u00e7\u00e3o do Instituto Merkabah Idealizado com o esp\u00edrito de excel\u00eancia, o Instituto Merkabah foi constru\u00eddo para atender \u00e9 administra\u00e7\u00e3o p\u00fablica e privada, com idoneidade e &#8230; <a title=\"Quem Somos\" class=\"read-more\" href=\"https:\/\/institutomerkabah-am.com.br\/index.php\/about-us\/\" aria-label=\"Read more about Quem Somos\">Read more<\/a><\/p>\n","protected":false},"author":1,"featured_media":0,"parent":0,"menu_order":0,"comment_status":"closed","ping_status":"closed","template":"","meta":{"footnotes":""},"class_list":["post-24","page","type-page","status-publish"],"_links":{"self":[{"href":"https:\/\/institutomerkabah-am.com.br\/index.php\/wp-json\/wp\/v2\/pages\/24","targetHints":{"allow":["GET"]}}],"collection":[{"href":"https:\/\/institutomerkabah-am.com.br\/index.php\/wp-json\/wp\/v2\/pages"}],"about":[{"href":"https:\/\/institutomerkabah-am.com.br\/index.php\/wp-json\/wp\/v2\/types\/page"}],"author":[{"embeddable":true,"href":"https:\/\/institutomerkabah-am.com.br\/index.php\/wp-json\/wp\/v2\/users\/1"}],"replies":[{"embeddable":true,"href":"https:\/\/institutomerkabah-am.com.br\/index.php\/wp-json\/wp\/v2\/comments?post=24"}],"version-history":[{"count":3,"href":"https:\/\/institutomerkabah-am.com.br\/index.php\/wp-json\/wp\/v2\/pages\/24\/revisions"}],"predecessor-version":[{"id":2949,"href":"https:\/\/institutomerkabah-am.com.br\/index.php\/wp-json\/wp\/v2\/pages\/24\/revisions\/2949"}],"wp:attachment":[{"href":"https:\/\/institutomerkabah-am.com.br\/index.php\/wp-json\/wp\/v2\/media?parent=24"}],"curies":[{"name":"wp","href":"https:\/\/api.w.org\/{rel}","templated":true}]}}